{"id":55,"date":"2021-07-02T20:54:12","date_gmt":"2021-07-02T17:54:12","guid":{"rendered":"https:\/\/marieaavakivi.com\/?page_id=55"},"modified":"2024-02-20T14:44:29","modified_gmt":"2024-02-20T12:44:29","slug":"minust","status":"publish","type":"page","link":"https:\/\/marieaavakivi.com\/?page_id=55","title":{"rendered":"Minust"},"content":{"rendered":"\n<div class=\"wp-block-media-text alignfull is-stacked-on-mobile is-image-fill has-background\" style=\"background-color:#4b6469;grid-template-columns:38% auto\"><figure class=\"wp-block-media-text__media\" style=\"background-image:url(https:\/\/marieaavakivi.com\/wp-content\/uploads\/2021\/07\/portree02-683x1024.jpg);background-position:45% 26%\"><img loading=\"lazy\" decoding=\"async\" width=\"683\" height=\"1024\" src=\"https:\/\/marieaavakivi.com\/wp-content\/uploads\/2021\/07\/portree02-683x1024.jpg\" alt=\"\" class=\"wp-image-58 size-full\" srcset=\"https:\/\/marieaavakivi.com\/wp-content\/uploads\/2021\/07\/portree02-683x1024.jpg 683w, https:\/\/marieaavakivi.com\/wp-content\/uploads\/2021\/07\/portree02-200x300.jpg 200w, https:\/\/marieaavakivi.com\/wp-content\/uploads\/2021\/07\/portree02-768x1152.jpg 768w, https:\/\/marieaavakivi.com\/wp-content\/uploads\/2021\/07\/portree02.jpg 800w\" sizes=\"auto, (max-width: 683px) 100vw, 683px\" \/><\/figure><div class=\"wp-block-media-text__content\">\n<div style=\"height:40px\" aria-hidden=\"true\" class=\"wp-block-spacer\"><\/div>\n\n\n\n<h1 class=\"wp-block-heading\">Minust<\/h1>\n\n\n\n<blockquote class=\"wp-block-quote is-layout-flow wp-block-quote-is-layout-flow\">\n<p>&#8230;Seal, kus s\u00f5nad pooleli j\u00e4\u00e4vad, <br>algab muusika. <\/p>\n<cite><em>Heinrich Heine<\/em><\/cite><\/blockquote>\n\n\n\n<h4 class=\"wp-block-heading\">Viiuldaja Marie-Helen Aavakivi kuulub Eesti noorema p\u00f5lvkonna interpreetide s\u00e4ravaimate esindajate hulka. Solistina on ta \u00fcles astunud Tallinna Kammerorkestri, Tallinna Muusikakeskkooli s\u00fcmfooniaorkestri, Eesti Muusika- ja Teatriakadeemia (EMTA) s\u00fcmfooniaorkestri, Klaasp\u00e4rlim\u00e4ng Sinfonietta, ME103 jt orkestrite ees, dirigentideks Paul M\u00e4gi, Toomas Kapten, Risto Joost, Andres Mustonen jt ning olnud Euroopa Liidu Noorteorkestri (EUYO), Rahvusooper Estonia s\u00fcmfooniaorkestri, EMTA s\u00fcmfooniaorkestri ja kammerorkestri, Tallinna Muusikakeskkooli s\u00fcmfooniaorkestri jt orkestrite kontsertmeistrite r\u00fchma liige. Aavakivi m\u00e4ngib 2023. aastal  EMTA-le annetatud prof Johannes Paulseni hinnalise viiuli ja poognaga.<\/h4>\n\n\n\n<div style=\"height:54px\" aria-hidden=\"true\" class=\"wp-block-spacer\"><\/div>\n<\/div><\/div>\n\n\n\n<div style=\"height:40px\" aria-hidden=\"true\" class=\"wp-block-spacer\"><\/div>\n\n\n<div class=\"wp-block-image\">\n<figure class=\"aligncenter size-large is-resized\"><img decoding=\"async\" src=\"https:\/\/marieaavakivi.com\/wp-content\/uploads\/2021\/07\/arabesk1-1024x304.png\" alt=\"\" class=\"wp-image-492\" width=\"500\" srcset=\"https:\/\/marieaavakivi.com\/wp-content\/uploads\/2021\/07\/arabesk1-1024x304.png 1024w, https:\/\/marieaavakivi.com\/wp-content\/uploads\/2021\/07\/arabesk1-300x89.png 300w, https:\/\/marieaavakivi.com\/wp-content\/uploads\/2021\/07\/arabesk1-768x228.png 768w, https:\/\/marieaavakivi.com\/wp-content\/uploads\/2021\/07\/arabesk1.png 1157w\" sizes=\"(max-width: 1024px) 100vw, 1024px\" \/><\/figure>\n<\/div>\n\n\n<div class=\"wp-block-uagb-advanced-heading uagb-block-c090f07b uagb-heading-text\"><h1 class=\"uagb-heading-text\">CV<\/h1><div class=\"uagb-separator-wrap\"><div class=\"uagb-separator\"><\/div><\/div><p class=\"uagb-desc-text\">Marie-Helen Aavakivi<\/p><\/div>\n\n\n\n<div style=\"height:50px\" aria-hidden=\"true\" class=\"wp-block-spacer\"><\/div>\n\n\n\n<hr class=\"wp-block-separator has-css-opacity is-style-wide\"\/>\n\n\n\n<ul class=\"wp-block-list\">\n<li><span style=\"font-size: 1rem;\">Eesti Interpreetide Liidu liige&nbsp;<\/span><\/li>\n\n\n\n<li>2019. aasta juunis kaitses Marie-Helen Aavakivi (Rannat) Eesti Muusika- ja&nbsp;Teatriakadeemias doktorikraadi (PhD) teemal &#8220;Professor Johannes Paulseni viiuli\u00f5pilaste repertuaar ja esitusstiil 1930. aastatel Eestis&#8221; (juhendajad prof. Kristel Pappel, prof. Urmas Vulp, prof. Marje Lohuaru), t\u00f6\u00f6tades samas \u00f5ppej\u00f5una.<\/li>\n\n\n\n<li>Doktorikraadi omandamisele eelnesid 2012. a. EMTA-s magister MA <em>cum laude<\/em> viiuli erialal prof. Alexander Fischeri ja prof. T\u00f5nu Reimanni juhendamisel ning aastatel 1995-2007 viiuli\u00f5pingud Tallinna Muusikakeskkoolis \u00f5p. Toomas Nestori juures.<\/li>\n\n\n\n<li>Aavakivi m\u00e4ngib 2023. aastal  EMTA-le annetatud prof Johannes Paulseni hinnalise viiuli ja poognaga.<\/li>\n\n\n\n<li>Avaldanud artikleid Eesti viiulikoolkonna kujunemisloost ajakirjades&nbsp;&#8220;Muusika&#8221; ja &#8220;Teater. Muusika. Kino&#8221; ning esinenud samateemaliste ettekannetega&nbsp;mitmetel konverentsidel Tallinnas ja Varssavis.<\/li>\n\n\n\n<li>2023. aastal p\u00e4lvis Aavakivi 1. koha rahvusvahelisel konkursil Danubia Talents International Music Competion 2023 Chamber music\/online Ungaris koos pianist Anneli Tohveriga.<\/li>\n\n\n\n<li>2020. aastal ilmus Marie-Helen Aavakivilt koos pianist Ralf Taaliga CD Duo&nbsp;Johannes Brahmsi, Eduard Tubina, Franz Schuberti ja C\u00e9sar Francki teostega viiulile ja klaverile.<\/li>\n\n\n\n<li>Aastast 2012 on Marie-Helen Aavakivi kammerorkester Kremerata Baltica&nbsp;liige (kunstiline juht maailmanimega tippviiuldaja Gidon Kremer), mille koosseisus on praeguseks andnud ligi 400 kontserti mainekates kontserdisaalides Euroopas, Venemaal, L\u00f5una- ja P\u00f5hja-Ameerikas, paljudes Aasia ja Araabia riikides (sh solisti ja kammermuusikuna festivalidel L\u00e4tis ja Costa Ricas 2013, 2016) ning salvestanud mitu k\u00f5rge rahvusvahelise tunnustuse p\u00e4lvinud CD-plaati (Grammy nominatsioon 2015 CD-komplektile Mieczyslaw Weinbergi loomingust, ECHO Klassik preemia 2016 CD-plaadile \u0160ostakovit\u0161i klaverikontsertidega jt).&nbsp;<\/li>\n\n\n\n<li>Marie-Helen kuulus aastatel 2006-2011 Euroopa Liidu Noorteorkestrisse, ta oli II viiuli kontsertmeister 2010. aasta kevadel Euroopa p\u00e4eval Shanghai EXPOkultuuriprogrammis ja samal aastal toimunud EUYO suvetuuril, sh Londoni Royal Albert Hallis festivalil BBC Proms, Berliini Konzarthausis, Amsterdami Concertgebouw&#8217;s jm.<\/li>\n\n\n\n<li>Ta on t\u00f6\u00f6tanud Tallinna Kammerorkestris&nbsp; ja 2. kontsertmeistrina Rahvusooper Estonia s\u00fcmfooniaorkestris.<\/li>\n\n\n\n<li>Marie-Helen on osa v\u00f5tnud Zakhar Broni, Marianne Boettheri, Irina Bot\u0161kova,&nbsp;Michael Gaisleri, Mi-Kyung Lee, Stanislav Pronini, Maria Chiche, Pavel Bermani jt meistriklassidest ning juhendanud viiuli meistriklassi Shenandoah&#8217; \u00dclikoolis USA-s.&nbsp;<\/li>\n\n\n\n<li>Solistina on viiuldaja \u00fcles astunud TKO, TMKK ja EMTA s\u00fcmfooniaorkestrite&nbsp;ning kammerorkestrite Klaasp\u00e4rlim\u00e4ng Sinfonietta ja ME103 ees, dirigentideks&nbsp;Paul M\u00e4gi, Toomas Kapten, Risto Joost, Andres Mustonen jt.<\/li>\n\n\n\n<li>Marie-Helen on osalenud Mikk Murdvee ansamblikaaslasena helilooja&nbsp;Mihkel Keremi autoriplaadil (Toccata Classics 2013)<\/li>\n\n\n\n<li>Kontsertmeistrina&nbsp;on Aavakivi kaastegev olnud kammerorkestri Klaasp\u00e4rlim\u00e4ng Sinfonietta  kontsertidel festivalil &#8220;Peegel peeglis&#8221; Moskva konservatooriumi Suures saalis, aastal\u00f5pu kontsertidel Estonia kontserdisaalis ja Vanemuise kontserdimajas 2016, festivali&nbsp;Klaasp\u00e4rlim\u00e4ng raames 2021 jm.<\/li>\n\n\n\n<li>Ta on osalenud kontsertmeistri ja solistina kammerorkestri Muusika Eestimaale (ME) 103 projektides.&nbsp;<\/li>\n\n\n\n<li>Duo-kavades on Aavakivi \u00fcles astunud koos pianistide Ralf Taali, Irina Zahharenkova, Anneli Tohveri, Maarit Saarm\u00e4e jt Eesti Interpreetide Liidu kontsertidel, rahvusvahelises&nbsp;kontserdisarjas &#8220;Lossimuusika&#8221;, muusikaagentuuri Uus Kontsert kontserdiprogrammides, Musica Sacra kontsertidel jm.<\/li>\n\n\n\n<li>Marie-Helen Aavakivi on Eesti Rahvuskultuuri Fondi stipendiaat 2016.<\/li>\n<\/ul>\n\n\n\n<hr class=\"wp-block-separator has-css-opacity is-style-wide\"\/>\n\n\n\n<h2 class=\"wp-block-heading\">Diskograafia<\/h2>\n\n\n\n<ul class=\"wp-block-list\">\n<li>2021 <a href=\"https:\/\/www.kremeratabaltica.com\/portfolio-item\/15294\/\">Kremerata Baltica. Mar\u0123eris Zari\u0146\u0161<\/a>, SKANI, L\u00e4ti<\/li>\n\n\n\n<li>2020 <a href=\"https:\/\/marieaavakivi.com\/?page_id=149\" data-type=\"page\" data-id=\"149\">Duo<\/a> (koos Ralf Taaliga)<\/li>\n\n\n\n<li>2017 <a rel=\"noreferrer noopener\" href=\"https:\/\/www.ecmrecords.com\/shop\/1478866129\" target=\"_blank\">Mieczys\u0142aw Weinberg&nbsp;&#8211;&nbsp;Kremerata Baltica,&nbsp;Gidon Kremer&nbsp;\u2013&nbsp;Chamber Symphonies \/ Piano Quintet<\/a>, ECM, Saksamaa<\/li>\n\n\n\n<li>2015 G. <a rel=\"noreferrer noopener\" href=\"https:\/\/www.discogs.com\/Giya-Kancheli-Chiaroscuro\/release\/7561540\" target=\"_blank\">Kancheli- Chiaroscuro 2015<\/a>, ECM, Saksamaa<\/li>\n\n\n\n<li>2014 <a rel=\"noreferrer noopener\" href=\"https:\/\/www.discogs.com\/Mieczys\u0142aw-Weinberg-Kremerata-Baltica-Gidon-Kremer-Mieczys\u0142aw-Weinberg\/release\/5405618\" target=\"_blank\">M. Weinberg\/Kremerata kogumik 2014<\/a>, ECM, Saksamaa<\/li>\n\n\n\n<li>2013 <a rel=\"noreferrer noopener\" href=\"https:\/\/toccataclassics.com\/product\/kerem-orchestral-and-chamber-music\/\" target=\"_blank\">Mihkel Keremi autorplaat<\/a> (koos Mikk Murdveega), Toccata Classics, Suurbritannia<\/li>\n<\/ul>\n\n\n\n<hr class=\"wp-block-separator has-css-opacity is-style-wide\"\/>\n","protected":false},"excerpt":{"rendered":"<p>Diskograafia<\/p>\n","protected":false},"author":1,"featured_media":0,"parent":0,"menu_order":0,"comment_status":"closed","ping_status":"closed","template":"","meta":{"om_disable_all_campaigns":false,"_mi_skip_tracking":false,"_monsterinsights_sitenote_active":false,"_monsterinsights_sitenote_note":"","_monsterinsights_sitenote_category":0,"footnotes":""},"class_list":["post-55","page","type-page","status-publish","hentry"],"aioseo_notices":[],"uagb_featured_image_src":{"full":false,"thumbnail":false,"medium":false,"medium_large":false,"large":false,"1536x1536":false,"2048x2048":false},"uagb_author_info":{"display_name":"admin","author_link":"https:\/\/marieaavakivi.com\/?author=1"},"uagb_comment_info":0,"uagb_excerpt":"Diskograafia","_links":{"self":[{"href":"https:\/\/marieaavakivi.com\/index.php?rest_route=\/wp\/v2\/pages\/55","targetHints":{"allow":["GET"]}}],"collection":[{"href":"https:\/\/marieaavakivi.com\/index.php?rest_route=\/wp\/v2\/pages"}],"about":[{"href":"https:\/\/marieaavakivi.com\/index.php?rest_route=\/wp\/v2\/types\/page"}],"author":[{"embeddable":true,"href":"https:\/\/marieaavakivi.com\/index.php?rest_route=\/wp\/v2\/users\/1"}],"replies":[{"embeddable":true,"href":"https:\/\/marieaavakivi.com\/index.php?rest_route=%2Fwp%2Fv2%2Fcomments&post=55"}],"version-history":[{"count":95,"href":"https:\/\/marieaavakivi.com\/index.php?rest_route=\/wp\/v2\/pages\/55\/revisions"}],"predecessor-version":[{"id":2740,"href":"https:\/\/marieaavakivi.com\/index.php?rest_route=\/wp\/v2\/pages\/55\/revisions\/2740"}],"wp:attachment":[{"href":"https:\/\/marieaavakivi.com\/index.php?rest_route=%2Fwp%2Fv2%2Fmedia&parent=55"}],"curies":[{"name":"wp","href":"https:\/\/api.w.org\/{rel}","templated":true}]}}