{"id":2778,"date":"2021-07-05T12:31:57","date_gmt":"2021-07-05T09:31:57","guid":{"rendered":"https:\/\/marieaavakivi.com\/?page_id=2778"},"modified":"2024-09-03T10:22:39","modified_gmt":"2024-09-03T07:22:39","slug":"dokdtoritoo","status":"publish","type":"page","link":"https:\/\/marieaavakivi.com\/?page_id=2778","title":{"rendered":"Doktorit\u00f6\u00f6"},"content":{"rendered":"\n<div class=\"wp-block-cover alignfull is-light\" style=\"min-height:400px;aspect-ratio:unset;\"><span aria-hidden=\"true\" class=\"wp-block-cover__background has-background-dim-30 has-background-dim\"><\/span><img loading=\"lazy\" decoding=\"async\" width=\"1500\" height=\"579\" class=\"wp-block-cover__image-background wp-image-822\" alt=\"\" src=\"https:\/\/marieaavakivi.com\/wp-content\/uploads\/2021\/07\/viiul3.jpg\" data-object-fit=\"cover\" srcset=\"https:\/\/marieaavakivi.com\/wp-content\/uploads\/2021\/07\/viiul3.jpg 1500w, https:\/\/marieaavakivi.com\/wp-content\/uploads\/2021\/07\/viiul3-300x116.jpg 300w, https:\/\/marieaavakivi.com\/wp-content\/uploads\/2021\/07\/viiul3-1024x395.jpg 1024w, https:\/\/marieaavakivi.com\/wp-content\/uploads\/2021\/07\/viiul3-768x296.jpg 768w\" sizes=\"auto, (max-width: 1500px) 100vw, 1500px\" \/><div class=\"wp-block-cover__inner-container is-layout-flow wp-block-cover-is-layout-flow\">\n<div class=\"wp-block-uagb-advanced-heading uagb-block-6834b8c5\"><h1 class=\"uagb-heading-text\">Doktorit\u00f6\u00f6<\/h1><div class=\"uagb-separator-wrap\"><div class=\"uagb-separator\"><\/div><\/div><p class=\"uagb-desc-text\">Marie-Helen Aavakivi<\/p><\/div>\n<\/div><\/div>\n\n\n\n<div style=\"height:40px\" aria-hidden=\"true\" class=\"wp-block-spacer\"><\/div>\n\n\n\n<div class=\"wp-block-uagb-advanced-heading uagb-block-9991f2e7 uagb-heading-text\"><h2 class=\"uagb-heading-text\"><strong>Professor Johannes Paulseni viiuli\u00f5pilaste repertuaar ja esitusstiil 1930. aastatel Eestis<\/strong><\/h2><div class=\"uagb-separator-wrap\"><div class=\"uagb-separator\"><\/div><\/div><p class=\"uagb-desc-text\">Juhendajad: prof Kristel Pappel,  Urmas Vulp, prof Marje Lohuaru.<\/p><\/div>\n\n\n\n<p><br>Kaitsmine toimus juunis 2019 Eesti Muusika- ja Teatriakadeemias. <br>Link ESTER kataloogis: <a href=\"https:\/\/www.ester.ee\/record=b5234638*est\" target=\"_blank\" rel=\"noreferrer noopener\">https:\/\/www.ester.ee\/record=b5234638*est<\/a><\/p>\n\n\n\n<hr class=\"wp-block-separator has-css-opacity is-style-wide\"\/>\n\n\n\n<h3 class=\"wp-block-heading\">Abstrakt<\/h3>\n\n\n<div class=\"wp-block-image\">\n<figure class=\"alignright size-medium\"><a href=\"https:\/\/marieaavakivi.com\/wp-content\/uploads\/2021\/07\/e9c82d_506ef5858e7d45229232de98b8de7668mv2_d_1586_1878_s_2.png\"><img loading=\"lazy\" decoding=\"async\" width=\"253\" height=\"300\" src=\"https:\/\/marieaavakivi.com\/wp-content\/uploads\/2021\/07\/e9c82d_506ef5858e7d45229232de98b8de7668mv2_d_1586_1878_s_2-253x300.png\" alt=\"\" class=\"wp-image-419\" srcset=\"https:\/\/marieaavakivi.com\/wp-content\/uploads\/2021\/07\/e9c82d_506ef5858e7d45229232de98b8de7668mv2_d_1586_1878_s_2-253x300.png 253w, https:\/\/marieaavakivi.com\/wp-content\/uploads\/2021\/07\/e9c82d_506ef5858e7d45229232de98b8de7668mv2_d_1586_1878_s_2-865x1024.png 865w, https:\/\/marieaavakivi.com\/wp-content\/uploads\/2021\/07\/e9c82d_506ef5858e7d45229232de98b8de7668mv2_d_1586_1878_s_2-768x909.png 768w, https:\/\/marieaavakivi.com\/wp-content\/uploads\/2021\/07\/e9c82d_506ef5858e7d45229232de98b8de7668mv2_d_1586_1878_s_2-1298x1536.png 1298w, https:\/\/marieaavakivi.com\/wp-content\/uploads\/2021\/07\/e9c82d_506ef5858e7d45229232de98b8de7668mv2_d_1586_1878_s_2.png 1480w\" sizes=\"auto, (max-width: 253px) 100vw, 253px\" \/><\/a><figcaption class=\"wp-element-caption\">Prof. Johannes Paulsen. Photo: TMKK<\/figcaption><\/figure>\n<\/div>\n\n\n<p>Uurimist\u00f6\u00f6 \u201eProfessor Johannes Paulseni viiuli\u00f5pilaste repertuaar ja esitusstiil 1930. aastatel Eestis\u201c&nbsp;(The repertoire and performance style&nbsp;of professor Johannes Paulsen\u2019s violin&nbsp;students in the 1930s Estonia)&nbsp;on osa loomingulis-uurimuslikust doktoriprojektist, mille&nbsp;juurde kuulub ka k\u00e4esoleva t\u00f6\u00f6 autori&nbsp;loominguline tegevus samal perioodil kirjutatud Eesti heliloojate teoste interpreteerimisel. Eesti viiulikoolkonna rajamisel 1920. ja 1930. aastatel oli arvestatav panus professor Johannes Paulsenil (1879\u20131945),&nbsp;kes \u00f5petas Tallinna&nbsp;konservatooriumis 1919\u20131939. Tema \u00f5pilaste hulka kuulusid&nbsp;teiste seas&nbsp;Vladimir Alum\u00e4e,&nbsp;Zelia Aumere-Uhke, Carmen Prii-Berendsen, Hubert Aumere ja Evi Liivak. Paulseni silmapaistvamad \u00f5pilased osalesid&nbsp;1930. aastatel ka rahvusvahelistel viiulikonkurssidel: 1932. aastal Viinis, 1935. aastal Varssavis ja 1937. aastal&nbsp;Br\u00fcsselis. T\u00f6\u00f6s uuritakse, milline&nbsp;oli&nbsp;Paulseni \u00f5pilaste repertuaar ajavahemikus 1930\u20121940 ning mis iseloomustas nende&nbsp;m\u00e4ngustiili. Peamised allikad on s\u00e4ilinud helisalvestised, kontserdikavad ja&nbsp;kontserdiarvustused, mida anal\u00fc\u00fcsitakse ning selle p\u00f5hjal tehakse laiemaid j\u00e4reldusi ja \u00fcldistusi. T\u00f6\u00f6 eesm\u00e4rk on n\u00e4idata Eesti viiulim\u00e4ngukoolkonna kujunemist seoses&nbsp;rahvusvahelise taustaga.<\/p>\n\n\n\n<hr class=\"wp-block-separator has-css-opacity is-style-wide\"\/>\n","protected":false},"excerpt":{"rendered":"<p>Kaitsmine toimus juunis 2019 Eesti Muusika- ja Teatriakadeemias. Link ESTER kataloogis: https:\/\/www.ester.ee\/record=b5234638*est Abstrakt Uurimist\u00f6\u00f6 \u201eProfessor Johannes Paulseni viiuli\u00f5pilaste repertuaar ja esitusstiil 1930. aastatel Eestis\u201c&nbsp;(The repertoire and performance style&nbsp;of professor Johannes Paulsen\u2019s violin&nbsp;students in the 1930s Estonia)&nbsp;on osa loomingulis-uurimuslikust doktoriprojektist, mille&nbsp;juurde kuulub ka k\u00e4esoleva t\u00f6\u00f6 autori&nbsp;loominguline tegevus samal perioodil kirjutatud Eesti heliloojate teoste interpreteerimisel. Eesti viiulikoolkonna &hellip;<\/p>\n<p class=\"read-more\"> <a class=\"\" href=\"https:\/\/marieaavakivi.com\/?page_id=2778\"> <span class=\"screen-reader-text\">Doktorit\u00f6\u00f6<\/span> Read More &raquo;<\/a><\/p>\n","protected":false},"author":1,"featured_media":11,"parent":0,"menu_order":0,"comment_status":"closed","ping_status":"closed","template":"","meta":{"om_disable_all_campaigns":false,"_mi_skip_tracking":false,"_monsterinsights_sitenote_active":false,"_monsterinsights_sitenote_note":"","_monsterinsights_sitenote_category":0,"footnotes":""},"class_list":["post-2778","page","type-page","status-publish","has-post-thumbnail","hentry"],"aioseo_notices":[],"uagb_featured_image_src":{"full":["https:\/\/marieaavakivi.com\/wp-content\/uploads\/2021\/07\/Marie3.jpg",2160,2188,false],"thumbnail":["https:\/\/marieaavakivi.com\/wp-content\/uploads\/2021\/07\/Marie3-150x150.jpg",150,150,true],"medium":["https:\/\/marieaavakivi.com\/wp-content\/uploads\/2021\/07\/Marie3-296x300.jpg",296,300,true],"medium_large":["https:\/\/marieaavakivi.com\/wp-content\/uploads\/2021\/07\/Marie3-768x778.jpg",768,778,true],"large":["https:\/\/marieaavakivi.com\/wp-content\/uploads\/2021\/07\/Marie3-1011x1024.jpg",1011,1024,true],"1536x1536":["https:\/\/marieaavakivi.com\/wp-content\/uploads\/2021\/07\/Marie3-1516x1536.jpg",1516,1536,true],"2048x2048":["https:\/\/marieaavakivi.com\/wp-content\/uploads\/2021\/07\/Marie3-2022x2048.jpg",2022,2048,true]},"uagb_author_info":{"display_name":"admin","author_link":"https:\/\/marieaavakivi.com\/?author=1"},"uagb_comment_info":0,"uagb_excerpt":"Kaitsmine toimus juunis 2019 Eesti Muusika- ja Teatriakadeemias. Link ESTER kataloogis: https:\/\/www.ester.ee\/record=b5234638*est Abstrakt Uurimist\u00f6\u00f6 \u201eProfessor Johannes Paulseni viiuli\u00f5pilaste repertuaar ja esitusstiil 1930. aastatel Eestis\u201c&nbsp;(The repertoire and performance style&nbsp;of professor Johannes Paulsen\u2019s violin&nbsp;students in the 1930s Estonia)&nbsp;on osa loomingulis-uurimuslikust doktoriprojektist, mille&nbsp;juurde kuulub ka k\u00e4esoleva t\u00f6\u00f6 autori&nbsp;loominguline tegevus samal perioodil kirjutatud Eesti heliloojate teoste interpreteerimisel. Eesti viiulikoolkonna&hellip;","_links":{"self":[{"href":"https:\/\/marieaavakivi.com\/index.php?rest_route=\/wp\/v2\/pages\/2778","targetHints":{"allow":["GET"]}}],"collection":[{"href":"https:\/\/marieaavakivi.com\/index.php?rest_route=\/wp\/v2\/pages"}],"about":[{"href":"https:\/\/marieaavakivi.com\/index.php?rest_route=\/wp\/v2\/types\/page"}],"author":[{"embeddable":true,"href":"https:\/\/marieaavakivi.com\/index.php?rest_route=\/wp\/v2\/users\/1"}],"replies":[{"embeddable":true,"href":"https:\/\/marieaavakivi.com\/index.php?rest_route=%2Fwp%2Fv2%2Fcomments&post=2778"}],"version-history":[{"count":8,"href":"https:\/\/marieaavakivi.com\/index.php?rest_route=\/wp\/v2\/pages\/2778\/revisions"}],"predecessor-version":[{"id":2788,"href":"https:\/\/marieaavakivi.com\/index.php?rest_route=\/wp\/v2\/pages\/2778\/revisions\/2788"}],"wp:featuredmedia":[{"embeddable":true,"href":"https:\/\/marieaavakivi.com\/index.php?rest_route=\/wp\/v2\/media\/11"}],"wp:attachment":[{"href":"https:\/\/marieaavakivi.com\/index.php?rest_route=%2Fwp%2Fv2%2Fmedia&parent=2778"}],"curies":[{"name":"wp","href":"https:\/\/api.w.org\/{rel}","templated":true}]}}