{"id":2,"date":"2021-06-30T16:19:21","date_gmt":"2021-06-30T16:19:21","guid":{"rendered":"https:\/\/marieaavakivi.com\/?page_id=2"},"modified":"2026-01-08T14:52:37","modified_gmt":"2026-01-08T12:52:37","slug":"sample-page","status":"publish","type":"page","link":"https:\/\/marieaavakivi.com\/","title":{"rendered":"Marie-Helen Aavakivi"},"content":{"rendered":"\n<div class=\"wp-block-cover alignfull is-light\"><img loading=\"lazy\" decoding=\"async\" width=\"1600\" height=\"1200\" class=\"wp-block-cover__image-background wp-image-12\" alt=\"\" src=\"https:\/\/marieaavakivi.com\/wp-content\/uploads\/2021\/07\/portree01.jpg\" style=\"object-position:36% 18%\" data-object-fit=\"cover\" data-object-position=\"36% 18%\" srcset=\"https:\/\/marieaavakivi.com\/wp-content\/uploads\/2021\/07\/portree01.jpg 1600w, https:\/\/marieaavakivi.com\/wp-content\/uploads\/2021\/07\/portree01-300x225.jpg 300w, https:\/\/marieaavakivi.com\/wp-content\/uploads\/2021\/07\/portree01-1024x768.jpg 1024w, https:\/\/marieaavakivi.com\/wp-content\/uploads\/2021\/07\/portree01-768x576.jpg 768w, https:\/\/marieaavakivi.com\/wp-content\/uploads\/2021\/07\/portree01-1536x1152.jpg 1536w\" sizes=\"auto, (max-width: 1600px) 100vw, 1600px\" \/><span aria-hidden=\"true\" class=\"wp-block-cover__background has-background-dim-0 has-background-dim\"><\/span><div class=\"wp-block-cover__inner-container is-layout-flow wp-block-cover-is-layout-flow\">\n<div style=\"height:70px\" aria-hidden=\"true\" class=\"wp-block-spacer\"><\/div>\n\n\n\n<h1 class=\"wp-block-heading has-text-color\" style=\"color:#d8f9f2\">Marie-Helen <br>Aavakivi<\/h1>\n\n\n\n<blockquote class=\"wp-block-quote is-layout-flow wp-block-quote-is-layout-flow\">\n<p>&#8220;Seal, kus s\u00f5nad pooleli j\u00e4\u00e4vad, <br>algab muusika&#8230;&#8221; <\/p>\n<cite><em>Heinrich Heine<\/em><\/cite><\/blockquote>\n\n\n\n<div class=\"wp-block-buttons is-layout-flex wp-block-buttons-is-layout-flex\">\n<div class=\"wp-block-button\"><a class=\"wp-block-button__link wp-element-button\" href=\"mailto:mariehelen.aavakivi@gmail.com\" style=\"border-radius:12px\">V\u00f5ta \u00fchendust!<\/a><\/div>\n<\/div>\n<\/div><\/div>\n\n\n\n<section class=\"wp-block-uagb-section uagb-section__wrap uagb-section__background-gradient uagb-block-c4360c71 alignfull\"><div class=\"uagb-section__overlay\"><\/div><div class=\"uagb-section__inner-wrap\">\n<div style=\"height:8px\" aria-hidden=\"true\" class=\"wp-block-spacer\"><\/div>\n<\/div><\/section>\n\n\n\n\t\t\t<div class=\"uagb-post-grid alignfull uagb-post__image-position-top uagb-block-97935ae2   \" data-total=\"1\">\n\n\t\t\t\t<div class=\"uagb-post__items uagb-post__columns-4 is-grid uagb-post__columns-tablet-2 uagb-post__columns-mobile-1 uagb-post__equal-height\">\n\n\t\t\t\t\t\t\t\t<article >\n\t\t\t\t\t\t\t\t\t\t<div class=\"uagb-post__inner-wrap\">\n\t\t\t\t\t\t\t\t\t\t\t\t\t\t\t<div class='uagb-post__image'>\n\t\t\t\t<a href=\"https:\/\/marieaavakivi.com\/?p=3017\" target=\"_self\" rel=\"bookmark noopener noreferrer\"><img loading=\"lazy\" decoding=\"async\" width=\"724\" height=\"1024\" src=\"https:\/\/marieaavakivi.com\/wp-content\/uploads\/2026\/01\/Metsluiged-Kardlas-17.01.26-724x1024.jpg\" class=\"attachment-large size-large\" alt=\"\" srcset=\"https:\/\/marieaavakivi.com\/wp-content\/uploads\/2026\/01\/Metsluiged-Kardlas-17.01.26-724x1024.jpg 724w, https:\/\/marieaavakivi.com\/wp-content\/uploads\/2026\/01\/Metsluiged-Kardlas-17.01.26-212x300.jpg 212w, https:\/\/marieaavakivi.com\/wp-content\/uploads\/2026\/01\/Metsluiged-Kardlas-17.01.26-768x1086.jpg 768w, https:\/\/marieaavakivi.com\/wp-content\/uploads\/2026\/01\/Metsluiged-Kardlas-17.01.26-1086x1536.jpg 1086w, https:\/\/marieaavakivi.com\/wp-content\/uploads\/2026\/01\/Metsluiged-Kardlas-17.01.26.jpg 1414w\" sizes=\"auto, (max-width: 724px) 100vw, 724px\" \/>\t\t\t\t<\/a>\n\t\t\t<\/div>\n\t\t\t\t\t\t<div class='uagb-post__text'> \n\t\t\t\t<h3 class=\"uagb-post__title\">\n\t\t\t\t\t<a href=\"https:\/\/marieaavakivi.com\/?p=3017\" target=\"_self\" rel=\"bookmark noopener noreferrer\">17.01 &#8220;Metsluiged&#8221; K\u00e4rdla Kultuurikeskuses<\/a>\n\t\t\t\t<\/h3>\n\t\t\t<\/div>\n\t\t\t\t\t\t<div class='uagb-post__text'> \n\t\t\t<div class=\"uagb-post-grid-byline\">\n\t\t\t\t\t\t\t<\/div>\n\t\t\t<\/div>\n\t\t\t\t\t\t<div class='uagb-post__text'> \n\t\t\t\t<div class=\"uagb-post__cta wp-block-button\">\n\t\t\t\t\t<a class=\"wp-block-button__link uagb-text-link\" href=\"https:\/\/marieaavakivi.com\/?p=3017\" target=\"_self\" rel=\"bookmark noopener noreferrer\">\u27a4<\/a>\n\t\t\t\t<\/div>\n\t\t\t<\/div>\n\t\t\t\t\t\t\t\t<\/div>\n\t\t\t\t\t\t\t\t\t<\/article>\n\t\t\t\t\t\t\t\t<\/div>\n\t\t\t\t\t\t\t<\/div>\n\t\t\t\n\n\n<section class=\"wp-block-uagb-section uagb-section__wrap uagb-section__background-gradient uagb-block-b3683046 alignfull\"><div class=\"uagb-section__overlay\"><\/div><div class=\"uagb-section__inner-wrap\">\n<div style=\"height:4px\" aria-hidden=\"true\" class=\"wp-block-spacer\"><\/div>\n<\/div><\/section>\n\n\n\n<div class=\"wp-block-media-text alignfull is-stacked-on-mobile has-background\" style=\"background-color:#4b6469;grid-template-columns:34% auto\"><figure class=\"wp-block-media-text__media\"><img loading=\"lazy\" decoding=\"async\" width=\"600\" height=\"600\" src=\"https:\/\/marieaavakivi.com\/wp-content\/uploads\/2021\/07\/0768563267369_2.jpg\" alt=\"\" class=\"wp-image-349 size-full\" srcset=\"https:\/\/marieaavakivi.com\/wp-content\/uploads\/2021\/07\/0768563267369_2.jpg 600w, https:\/\/marieaavakivi.com\/wp-content\/uploads\/2021\/07\/0768563267369_2-300x300.jpg 300w, https:\/\/marieaavakivi.com\/wp-content\/uploads\/2021\/07\/0768563267369_2-150x150.jpg 150w\" sizes=\"auto, (max-width: 600px) 100vw, 600px\" \/><\/figure><div class=\"wp-block-media-text__content\">\n<h3 class=\"wp-block-heading\">Minu ja Ralf Taali koost\u00f6\u00f6s valminud album <\/h3>\n\n\n\n<h1 class=\"wp-block-heading\">Duo<\/h1>\n\n\n\n<h3 class=\"wp-block-heading\"><\/h3>\n\n\n\n<div class=\"wp-block-buttons is-layout-flex wp-block-buttons-is-layout-flex\">\n<div class=\"wp-block-button\"><a class=\"wp-block-button__link has-text-color wp-element-button\" href=\"https:\/\/marieaavakivi.com\/?page_id=149\" style=\"color:#fad8c3\">Vaata<\/a><\/div>\n<\/div>\n<\/div><\/div>\n\n\n\n<section class=\"wp-block-uagb-section uagb-section__wrap uagb-section__background-gradient uagb-block-0a630f70 alignfull\"><div class=\"uagb-section__overlay\"><\/div><div class=\"uagb-section__inner-wrap\">\n<div style=\"height:4px\" aria-hidden=\"true\" class=\"wp-block-spacer\"><\/div>\n<\/div><\/section>\n\n\n\n<section class=\"wp-block-uagb-section uagb-section__wrap uagb-section__background-image uagb-block-76aa2fad alignfull\"><div class=\"uagb-section__overlay\"><\/div><div class=\"uagb-section__inner-wrap\">\n<div style=\"height:100px\" aria-hidden=\"true\" class=\"wp-block-spacer\"><\/div>\n\n\n\n<h2 class=\"wp-block-heading\">Tule \u00f5pi viiulim\u00e4ngu!<\/h2>\n\n\n\n<div class=\"wp-block-buttons is-layout-flex wp-block-buttons-is-layout-flex\">\n<div class=\"wp-block-button is-style-fill\"><a class=\"wp-block-button__link has-text-color wp-element-button\" href=\"https:\/\/marieaavakivi.com\/?page_id=155\" style=\"color:#fad8c3\">Vaata<\/a><\/div>\n<\/div>\n\n\n\n<div style=\"height:100px\" aria-hidden=\"true\" class=\"wp-block-spacer\"><\/div>\n<\/div><\/section>\n\n\n\n<section class=\"wp-block-uagb-section uagb-section__wrap uagb-section__background-gradient uagb-block-54460b76 alignfull\"><div class=\"uagb-section__overlay\"><\/div><div class=\"uagb-section__inner-wrap\">\n<div style=\"height:4px\" aria-hidden=\"true\" class=\"wp-block-spacer\"><\/div>\n<\/div><\/section>\n","protected":false},"excerpt":{"rendered":"","protected":false},"author":1,"featured_media":0,"parent":0,"menu_order":0,"comment_status":"closed","ping_status":"open","template":"","meta":{"om_disable_all_campaigns":false,"_mi_skip_tracking":false,"_monsterinsights_sitenote_active":false,"_monsterinsights_sitenote_note":"","_monsterinsights_sitenote_category":0,"footnotes":""},"class_list":["post-2","page","type-page","status-publish","hentry"],"aioseo_notices":[],"uagb_featured_image_src":{"full":false,"thumbnail":false,"medium":false,"medium_large":false,"large":false,"1536x1536":false,"2048x2048":false},"uagb_author_info":{"display_name":"admin","author_link":"https:\/\/marieaavakivi.com\/?author=1"},"uagb_comment_info":0,"uagb_excerpt":null,"_links":{"self":[{"href":"https:\/\/marieaavakivi.com\/index.php?rest_route=\/wp\/v2\/pages\/2","targetHints":{"allow":["GET"]}}],"collection":[{"href":"https:\/\/marieaavakivi.com\/index.php?rest_route=\/wp\/v2\/pages"}],"about":[{"href":"https:\/\/marieaavakivi.com\/index.php?rest_route=\/wp\/v2\/types\/page"}],"author":[{"embeddable":true,"href":"https:\/\/marieaavakivi.com\/index.php?rest_route=\/wp\/v2\/users\/1"}],"replies":[{"embeddable":true,"href":"https:\/\/marieaavakivi.com\/index.php?rest_route=%2Fwp%2Fv2%2Fcomments&post=2"}],"version-history":[{"count":167,"href":"https:\/\/marieaavakivi.com\/index.php?rest_route=\/wp\/v2\/pages\/2\/revisions"}],"predecessor-version":[{"id":3015,"href":"https:\/\/marieaavakivi.com\/index.php?rest_route=\/wp\/v2\/pages\/2\/revisions\/3015"}],"wp:attachment":[{"href":"https:\/\/marieaavakivi.com\/index.php?rest_route=%2Fwp%2Fv2%2Fmedia&parent=2"}],"curies":[{"name":"wp","href":"https:\/\/api.w.org\/{rel}","templated":true}]}}