{"id":1570,"date":"2021-07-16T16:19:05","date_gmt":"2021-07-16T13:19:05","guid":{"rendered":"https:\/\/marieaavakivi.com\/?page_id=1570"},"modified":"2021-07-16T16:25:51","modified_gmt":"2021-07-16T13:25:51","slug":"videos","status":"publish","type":"page","link":"https:\/\/marieaavakivi.com\/?page_id=1570&lang=en","title":{"rendered":"Videos"},"content":{"rendered":"\n<div style=\"height:100px\" aria-hidden=\"true\" class=\"wp-block-spacer\"><\/div>\n\n\n\n<h2 class=\"wp-block-heading\">Videos<\/h2>\n\n\n\n<figure class=\"wp-block-embed is-type-video is-provider-youtube wp-block-embed-youtube wp-embed-aspect-16-9 wp-has-aspect-ratio\"><div class=\"wp-block-embed__wrapper\">\n<div class=\"ast-oembed-container\"><iframe loading=\"lazy\" title=\"Felix Mendelssohn-Bartholdy - Klaveritrio nr 1 d-moll op 49\" width=\"500\" height=\"281\" src=\"https:\/\/www.youtube.com\/embed\/NcW5waC9ZZ4?feature=oembed\" frameborder=\"0\" allow=\"accelerometer; autoplay; clipboard-write; encrypted-media; gyroscope; picture-in-picture; web-share\" referrerpolicy=\"strict-origin-when-cross-origin\" allowfullscreen><\/iframe><\/div>\n<\/div><\/figure>\n\n\n\n<figure class=\"wp-block-embed is-type-video is-provider-youtube wp-block-embed-youtube wp-embed-aspect-16-9 wp-has-aspect-ratio\"><div class=\"wp-block-embed__wrapper\">\n<div class=\"ast-oembed-container\"><iframe loading=\"lazy\" title=\"Heino Eller - L\u00fc\u00fcriline pala nr 1 E-duur viiulile, t\u0161ellole ja klaverile\" width=\"500\" height=\"281\" src=\"https:\/\/www.youtube.com\/embed\/I7hx3WW_fa4?feature=oembed\" frameborder=\"0\" allow=\"accelerometer; autoplay; clipboard-write; encrypted-media; gyroscope; picture-in-picture; web-share\" referrerpolicy=\"strict-origin-when-cross-origin\" allowfullscreen><\/iframe><\/div>\n<\/div><\/figure>\n\n\n\n<figure class=\"wp-block-embed is-type-video is-provider-youtube wp-block-embed-youtube wp-embed-aspect-16-9 wp-has-aspect-ratio\"><div class=\"wp-block-embed__wrapper\">\n<div class=\"ast-oembed-container\"><iframe loading=\"lazy\" title=\"Wolfgang Amadeus Mozart - Sonaat viiulile ja klaverile nr 32 B-duur KV 454\" width=\"500\" height=\"281\" src=\"https:\/\/www.youtube.com\/embed\/W9Dj3qzbytk?feature=oembed\" frameborder=\"0\" allow=\"accelerometer; autoplay; clipboard-write; encrypted-media; gyroscope; picture-in-picture; web-share\" referrerpolicy=\"strict-origin-when-cross-origin\" allowfullscreen><\/iframe><\/div>\n<\/div><\/figure>\n\n\n\n<figure class=\"wp-block-embed is-type-video is-provider-youtube wp-block-embed-youtube wp-embed-aspect-16-9 wp-has-aspect-ratio\"><div class=\"wp-block-embed__wrapper\">\n<div class=\"ast-oembed-container\"><iframe loading=\"lazy\" title=\"P\u00e4rnu Ooper. MUSICA SACRA 8.5.2021. Marie-Helen Aavakivi (viiul), Maarit Saarm\u00e4e (klaver)\" width=\"500\" height=\"281\" src=\"https:\/\/www.youtube.com\/embed\/AMlTtz3Uv_A?feature=oembed\" frameborder=\"0\" allow=\"accelerometer; autoplay; clipboard-write; encrypted-media; gyroscope; picture-in-picture; web-share\" referrerpolicy=\"strict-origin-when-cross-origin\" allowfullscreen><\/iframe><\/div>\n<\/div><\/figure>\n\n\n\n<figure class=\"wp-block-embed is-type-video is-provider-youtube wp-block-embed-youtube wp-embed-aspect-16-9 wp-has-aspect-ratio\"><div class=\"wp-block-embed__wrapper\">\n<div class=\"ast-oembed-container\"><iframe loading=\"lazy\" title=\"Heino Eller - Viiulisonaat nr 1 a-moll\" width=\"500\" height=\"281\" src=\"https:\/\/www.youtube.com\/embed\/iWNxQgpcbBo?feature=oembed\" frameborder=\"0\" allow=\"accelerometer; autoplay; clipboard-write; encrypted-media; gyroscope; picture-in-picture; web-share\" referrerpolicy=\"strict-origin-when-cross-origin\" allowfullscreen><\/iframe><\/div>\n<\/div><\/figure>\n","protected":false},"excerpt":{"rendered":"<p>Videos<\/p>\n","protected":false},"author":1,"featured_media":0,"parent":0,"menu_order":0,"comment_status":"closed","ping_status":"closed","template":"","meta":{"om_disable_all_campaigns":false,"_mi_skip_tracking":false,"_monsterinsights_sitenote_active":false,"_monsterinsights_sitenote_note":"","_monsterinsights_sitenote_category":0,"footnotes":""},"class_list":["post-1570","page","type-page","status-publish","hentry"],"aioseo_notices":[],"uagb_featured_image_src":{"full":false,"thumbnail":false,"medium":false,"medium_large":false,"large":false,"1536x1536":false,"2048x2048":false},"uagb_author_info":{"display_name":"admin","author_link":"https:\/\/marieaavakivi.com\/?author=1"},"uagb_comment_info":0,"uagb_excerpt":"Videos","_links":{"self":[{"href":"https:\/\/marieaavakivi.com\/index.php?rest_route=\/wp\/v2\/pages\/1570","targetHints":{"allow":["GET"]}}],"collection":[{"href":"https:\/\/marieaavakivi.com\/index.php?rest_route=\/wp\/v2\/pages"}],"about":[{"href":"https:\/\/marieaavakivi.com\/index.php?rest_route=\/wp\/v2\/types\/page"}],"author":[{"embeddable":true,"href":"https:\/\/marieaavakivi.com\/index.php?rest_route=\/wp\/v2\/users\/1"}],"replies":[{"embeddable":true,"href":"https:\/\/marieaavakivi.com\/index.php?rest_route=%2Fwp%2Fv2%2Fcomments&post=1570"}],"version-history":[{"count":2,"href":"https:\/\/marieaavakivi.com\/index.php?rest_route=\/wp\/v2\/pages\/1570\/revisions"}],"predecessor-version":[{"id":1580,"href":"https:\/\/marieaavakivi.com\/index.php?rest_route=\/wp\/v2\/pages\/1570\/revisions\/1580"}],"wp:attachment":[{"href":"https:\/\/marieaavakivi.com\/index.php?rest_route=%2Fwp%2Fv2%2Fmedia&parent=1570"}],"curies":[{"name":"wp","href":"https:\/\/api.w.org\/{rel}","templated":true}]}}