{"id":149,"date":"2021-07-05T12:30:14","date_gmt":"2021-07-05T09:30:14","guid":{"rendered":"https:\/\/marieaavakivi.com\/?page_id=149"},"modified":"2026-01-08T14:54:38","modified_gmt":"2026-01-08T12:54:38","slug":"cd-d","status":"publish","type":"page","link":"https:\/\/marieaavakivi.com\/?page_id=149","title":{"rendered":"CD"},"content":{"rendered":"\n<div style=\"height:100px\" aria-hidden=\"true\" class=\"wp-block-spacer\"><\/div>\n\n\n\n<div class=\"wp-block-cover alignfull is-light\"><img loading=\"lazy\" decoding=\"async\" width=\"1920\" height=\"1531\" class=\"wp-block-cover__image-background wp-image-936\" alt=\"\" src=\"https:\/\/marieaavakivi.com\/wp-content\/uploads\/2021\/07\/tapeet04.png\" style=\"object-position:0% 0%\" data-object-fit=\"cover\" data-object-position=\"0% 0%\" srcset=\"https:\/\/marieaavakivi.com\/wp-content\/uploads\/2021\/07\/tapeet04.png 1920w, https:\/\/marieaavakivi.com\/wp-content\/uploads\/2021\/07\/tapeet04-300x239.png 300w, https:\/\/marieaavakivi.com\/wp-content\/uploads\/2021\/07\/tapeet04-1024x817.png 1024w, https:\/\/marieaavakivi.com\/wp-content\/uploads\/2021\/07\/tapeet04-768x612.png 768w, https:\/\/marieaavakivi.com\/wp-content\/uploads\/2021\/07\/tapeet04-1536x1225.png 1536w\" sizes=\"auto, (max-width: 1920px) 100vw, 1920px\" \/><span aria-hidden=\"true\" class=\"wp-block-cover__background has-background-dim-60 has-background-dim\" style=\"background-color:#081214\"><\/span><div class=\"wp-block-cover__inner-container is-layout-flow wp-block-cover-is-layout-flow\">\n<section class=\"wp-block-uagb-columns uagb-columns__wrap uagb-columns__background-undefined uagb-columns__stack-mobile uagb-columns__valign-undefined uagb-columns__gap-10 alignundefined uagb-block-9cbe121c\"><div class=\"uagb-columns__overlay\"><\/div><div class=\"uagb-columns__inner-wrap uagb-columns__columns-3\">\n<div class=\"wp-block-uagb-column uagb-column__wrap uagb-column__background-undefined uagb-block-44748ef1\"><div class=\"uagb-column__overlay\"><\/div><div class=\"uagb-column__inner-wrap\"><div class=\"wp-block-image\">\n<figure class=\"alignleft size-large\"><a href=\"https:\/\/marieaavakivi.com\/wp-content\/uploads\/2021\/07\/0768563267369_2.jpg\"><img loading=\"lazy\" decoding=\"async\" width=\"600\" height=\"600\" src=\"https:\/\/marieaavakivi.com\/wp-content\/uploads\/2021\/07\/0768563267369_2.jpg\" alt=\"\" class=\"wp-image-349\" srcset=\"https:\/\/marieaavakivi.com\/wp-content\/uploads\/2021\/07\/0768563267369_2.jpg 600w, https:\/\/marieaavakivi.com\/wp-content\/uploads\/2021\/07\/0768563267369_2-300x300.jpg 300w, https:\/\/marieaavakivi.com\/wp-content\/uploads\/2021\/07\/0768563267369_2-150x150.jpg 150w\" sizes=\"auto, (max-width: 600px) 100vw, 600px\" \/><\/a><\/figure>\n<\/div><\/div><\/div>\n\n\n\n<div class=\"wp-block-uagb-column uagb-column__wrap uagb-column__background-undefined uagb-block-e3a819eb\"><div class=\"uagb-column__overlay\"><\/div><div class=\"uagb-column__inner-wrap\">\n<h1 class=\"wp-block-heading\">Duo<\/h1>\n\n\n\n<h3 class=\"wp-block-heading\">Marie-Helen Aavakivi &amp; Ralf Taal<\/h3>\n\n\n\n<p class=\"has-medium-font-size\">CD<\/p>\n\n\n\n<p class=\"has-small-font-size\"><em>Eesti noorema p\u00f5lvkonna v\u00e4ljapaistvamate interpreetide hulka kuuluvate Marie-Helen Aavakivi (viiul) ja Ralf Taali (klaver) esituses k\u00f5lavad albumil&nbsp;aegumatud teosed viiulile ja klaverile.<\/em><\/p>\n\n\n\n<ol start=\"1\" class=\"wp-block-list\">\n<li>Johannes Brahms &#8211; Scherzo c-moll F.A.E. sonaadist<\/li>\n\n\n\n<li>Eduard Tubin &#8211;  Kolm pala viiulile ja klaverile ETW 48<\/li>\n\n\n\n<li>Franz Schubert &#8211; Viiulisonaat D-duur D384 op. post. 137\/1<\/li>\n\n\n\n<li>Cesar Franck &#8211; Sonaat viiulile ja klaverile A-duur<\/li>\n<\/ol>\n<\/div><\/div>\n\n\n\n<div class=\"wp-block-uagb-column uagb-column__wrap uagb-column__background-undefined uagb-block-7e58cab9\"><div class=\"uagb-column__overlay\"><\/div><div class=\"uagb-column__inner-wrap\">\n<h3 class=\"wp-block-heading\"><\/h3>\n\n\n\n<div class=\"wp-block-buttons is-layout-flex wp-block-buttons-is-layout-flex\"><\/div>\n<\/div><\/div>\n<\/div><\/section>\n<\/div><\/div>\n","protected":false},"excerpt":{"rendered":"","protected":false},"author":1,"featured_media":0,"parent":0,"menu_order":0,"comment_status":"closed","ping_status":"closed","template":"","meta":{"om_disable_all_campaigns":false,"_mi_skip_tracking":false,"_monsterinsights_sitenote_active":false,"_monsterinsights_sitenote_note":"","_monsterinsights_sitenote_category":0,"footnotes":""},"class_list":["post-149","page","type-page","status-publish","hentry"],"aioseo_notices":[],"uagb_featured_image_src":{"full":false,"thumbnail":false,"medium":false,"medium_large":false,"large":false,"1536x1536":false,"2048x2048":false},"uagb_author_info":{"display_name":"admin","author_link":"https:\/\/marieaavakivi.com\/?author=1"},"uagb_comment_info":0,"uagb_excerpt":null,"_links":{"self":[{"href":"https:\/\/marieaavakivi.com\/index.php?rest_route=\/wp\/v2\/pages\/149","targetHints":{"allow":["GET"]}}],"collection":[{"href":"https:\/\/marieaavakivi.com\/index.php?rest_route=\/wp\/v2\/pages"}],"about":[{"href":"https:\/\/marieaavakivi.com\/index.php?rest_route=\/wp\/v2\/types\/page"}],"author":[{"embeddable":true,"href":"https:\/\/marieaavakivi.com\/index.php?rest_route=\/wp\/v2\/users\/1"}],"replies":[{"embeddable":true,"href":"https:\/\/marieaavakivi.com\/index.php?rest_route=%2Fwp%2Fv2%2Fcomments&post=149"}],"version-history":[{"count":62,"href":"https:\/\/marieaavakivi.com\/index.php?rest_route=\/wp\/v2\/pages\/149\/revisions"}],"predecessor-version":[{"id":3016,"href":"https:\/\/marieaavakivi.com\/index.php?rest_route=\/wp\/v2\/pages\/149\/revisions\/3016"}],"wp:attachment":[{"href":"https:\/\/marieaavakivi.com\/index.php?rest_route=%2Fwp%2Fv2%2Fmedia&parent=149"}],"curies":[{"name":"wp","href":"https:\/\/api.w.org\/{rel}","templated":true}]}}