{"id":135,"date":"2021-07-05T12:15:36","date_gmt":"2021-07-05T09:15:36","guid":{"rendered":"https:\/\/marieaavakivi.com\/?page_id=135"},"modified":"2021-08-18T16:33:11","modified_gmt":"2021-08-18T13:33:11","slug":"meedia","status":"publish","type":"page","link":"https:\/\/marieaavakivi.com\/?page_id=135","title":{"rendered":"Meedia"},"content":{"rendered":"\n<div style=\"height:100px\" aria-hidden=\"true\" class=\"wp-block-spacer\"><\/div>\n\n\n\n\t\t\t<div class=\"uagb-post-grid alignfull uagb-post__image-position-top uagb-block-a9127547   \" data-total=\"2\">\n\n\t\t\t\t<div class=\"uagb-post__items uagb-post__columns-4 is-grid uagb-post__columns-tablet-2 uagb-post__columns-mobile-1 uagb-post__equal-height\">\n\n\t\t\t\t\t\t\t\t<article >\n\t\t\t\t\t\t\t\t\t\t<div class=\"uagb-post__inner-wrap\">\n\t\t\t\t\t\t\t\t\t\t\t\t\t\t\t<div class='uagb-post__text'> \n\t\t\t\t<h3 class=\"uagb-post__title\">\n\t\t\t\t\t<a href=\"https:\/\/marieaavakivi.com\/?p=2736\" target=\"_self\" rel=\"bookmark noopener noreferrer\">Minu artikkel Tallinna Kammermuusika Festivalist 2023 &#8211; ajakirjas Teater.Muusika.Kino<\/a>\n\t\t\t\t<\/h3>\n\t\t\t<\/div>\n\t\t\t\t\t\t<div class='uagb-post__text'> \n\t\t\t<div class=\"uagb-post-grid-byline\">\n\t\t\t\t\t\t\t\t<time datetime=\"2023-12-20T14:03:58+02:00\" class=\"uagb-post__date\">\n\t\t\t\t\t<span class=\"dashicons-calendar dashicons\"><\/span>\n\t\t\t\t\t20. dets. 2023\t\t\t\t<\/time>\n\t\t\t\t\t\t<\/div>\n\t\t\t<\/div>\n\t\t\t\t\t\t\t<div class='uagb-post__text'> \n\t\t\t\t\t<div class=\"uagb-post__excerpt\">\n\t\t\t\t\t\tDetsember, 2023\n\n\n\nMARIE-HELEN AAVAKIVI\n\n\n\nXIX Tallinna kammermuusika festival \u201eS\u00fcmbioos\u201d 23.\u201330. VIII 2023. Kunstiline juht Anna-Liisa Bezrodny, resideeriv helilooja Rein Rannap.\n\n\n\nSissejuhatuseks\n\n\n\nT\u00e4navuse Tallinna kammermuusika festivali 7. kontsert toimus linnav\u00f5imu \u2026\t\t\t\t\t<\/div>\n\t\t\t<\/div>\n\t\t\t\t\t\t<div class='uagb-post__text'> \n\t\t\t\t<div class=\"uagb-post__cta wp-block-button\">\n\t\t\t\t\t<a class=\"wp-block-button__link uagb-text-link\" href=\"https:\/\/marieaavakivi.com\/?p=2736\" target=\"_self\" rel=\"bookmark noopener noreferrer\">\u27a4<\/a>\n\t\t\t\t<\/div>\n\t\t\t<\/div>\n\t\t\t\t\t\t\t\t<\/div>\n\t\t\t\t\t\t\t\t\t<\/article>\n\t\t\t\t\t\t\t\t<article >\n\t\t\t\t\t\t\t\t\t\t<div class=\"uagb-post__inner-wrap\">\n\t\t\t\t\t\t\t\t\t\t\t\t\t\t\t<div class='uagb-post__text'> \n\t\t\t\t<h3 class=\"uagb-post__title\">\n\t\t\t\t\t<a href=\"https:\/\/marieaavakivi.com\/?p=2554\" target=\"_self\" rel=\"bookmark noopener noreferrer\">Interpreetide &#8220;Vaba lava&#8221;  kultuurilehes Sirp<\/a>\n\t\t\t\t<\/h3>\n\t\t\t<\/div>\n\t\t\t\t\t\t<div class='uagb-post__text'> \n\t\t\t<div class=\"uagb-post-grid-byline\">\n\t\t\t\t\t\t\t\t<time datetime=\"2023-06-02T13:29:00+03:00\" class=\"uagb-post__date\">\n\t\t\t\t\t<span class=\"dashicons-calendar dashicons\"><\/span>\n\t\t\t\t\t2. juuni 2023\t\t\t\t<\/time>\n\t\t\t\t\t\t<\/div>\n\t\t\t<\/div>\n\t\t\t\t\t\t\t<div class='uagb-post__text'> \n\t\t\t\t\t<div class=\"uagb-post__excerpt\">\n\t\t\t\t\t\tKammermuusika kandamid vabal laval\n\n\n\n2.06.2023\n\n\n\nKolm vaheaegadega eraldatud ajalist ruumi pakkusid kogemiseks esindusliku ja mitmekesise interpreetide galerii.\n\n\n\nTAAVI HARK\n\n\n\nKontsert \u201eInterpreetide vaba lava\u201c 19. V Eesti muusika- ja teatriakadeemia \u2026\t\t\t\t\t<\/div>\n\t\t\t<\/div>\n\t\t\t\t\t\t<div class='uagb-post__text'> \n\t\t\t\t<div class=\"uagb-post__cta wp-block-button\">\n\t\t\t\t\t<a class=\"wp-block-button__link uagb-text-link\" href=\"https:\/\/marieaavakivi.com\/?p=2554\" target=\"_self\" rel=\"bookmark noopener noreferrer\">\u27a4<\/a>\n\t\t\t\t<\/div>\n\t\t\t<\/div>\n\t\t\t\t\t\t\t\t<\/div>\n\t\t\t\t\t\t\t\t\t<\/article>\n\t\t\t\t\t\t\t\t<article >\n\t\t\t\t\t\t\t\t\t\t<div class=\"uagb-post__inner-wrap\">\n\t\t\t\t\t\t\t\t\t\t\t\t\t\t\t<div class='uagb-post__text'> \n\t\t\t\t<h3 class=\"uagb-post__title\">\n\t\t\t\t\t<a href=\"https:\/\/marieaavakivi.com\/?p=2498\" target=\"_self\" rel=\"bookmark noopener noreferrer\">Arvustus ajalehes Sirp<\/a>\n\t\t\t\t<\/h3>\n\t\t\t<\/div>\n\t\t\t\t\t\t<div class='uagb-post__text'> \n\t\t\t<div class=\"uagb-post-grid-byline\">\n\t\t\t\t\t\t\t\t<time datetime=\"2023-05-05T11:19:00+03:00\" class=\"uagb-post__date\">\n\t\t\t\t\t<span class=\"dashicons-calendar dashicons\"><\/span>\n\t\t\t\t\t5. mai 2023\t\t\t\t<\/time>\n\t\t\t\t\t\t<\/div>\n\t\t\t<\/div>\n\t\t\t\t\t\t\t<div class='uagb-post__text'> \n\t\t\t\t\t<div class=\"uagb-post__excerpt\">\n\t\t\t\t\t\tDoktorantide pilk n\u00fc\u00fcdismuusikale\n\n\n\n5.05.2023\n\n\n\nKontserdil kuulsime ja n\u00e4gime eripalgelisi helilooja- ja interpreediisiksusi, kellest moodustus parimas m\u00f5ttes intrigeeriv ja edaspidist huvi \u00e4ratav tervik.\n\n\n\nKRISTEL PAPPEL\n\n\n\nKultuuriteaduste ja kunstide doktorikooli doktorantide \u2026\t\t\t\t\t<\/div>\n\t\t\t<\/div>\n\t\t\t\t\t\t<div class='uagb-post__text'> \n\t\t\t\t<div class=\"uagb-post__cta wp-block-button\">\n\t\t\t\t\t<a class=\"wp-block-button__link uagb-text-link\" href=\"https:\/\/marieaavakivi.com\/?p=2498\" target=\"_self\" rel=\"bookmark noopener noreferrer\">\u27a4<\/a>\n\t\t\t\t<\/div>\n\t\t\t<\/div>\n\t\t\t\t\t\t\t\t<\/div>\n\t\t\t\t\t\t\t\t\t<\/article>\n\t\t\t\t\t\t\t\t<article >\n\t\t\t\t\t\t\t\t\t\t<div class=\"uagb-post__inner-wrap\">\n\t\t\t\t\t\t\t\t\t\t\t\t\t\t\t<div class='uagb-post__text'> \n\t\t\t\t<h3 class=\"uagb-post__title\">\n\t\t\t\t\t<a href=\"https:\/\/marieaavakivi.com\/?p=2449\" target=\"_self\" rel=\"bookmark noopener noreferrer\">Minu artikkel ERSO p\u00e4evast Viimsi Artiumis &#8211; ajakirjas Teater.Muusika.Kino<\/a>\n\t\t\t\t<\/h3>\n\t\t\t<\/div>\n\t\t\t\t\t\t<div class='uagb-post__text'> \n\t\t\t<div class=\"uagb-post-grid-byline\">\n\t\t\t\t\t\t\t\t<time datetime=\"2022-12-20T21:07:00+02:00\" class=\"uagb-post__date\">\n\t\t\t\t\t<span class=\"dashicons-calendar dashicons\"><\/span>\n\t\t\t\t\t20. dets. 2022\t\t\t\t<\/time>\n\t\t\t\t\t\t<\/div>\n\t\t\t<\/div>\n\t\t\t\t\t\t\t<div class='uagb-post__text'> \n\t\t\t\t\t<div class=\"uagb-post__excerpt\">\n\t\t\t\t\t\tDetsember, 2022\n\n\n\n\n\n\n\nMARIE-HELEN AAVAKIVI\n\n\n\nERSO kammerkoosseisud, Eesti Riiklik S\u00fcmfooniaorkester;&nbsp;dirigent Olari Elts, orkestri kontsertmeister Arvo Leibur.&nbsp;\n\n\n\nOli Eesti taasiseseisvumisp\u00e4ev 20. august 2022, soe ilm, s\u00e4rav p\u00e4ikesepaiste, inspireeriv keskkond ja \u2026\t\t\t\t\t<\/div>\n\t\t\t<\/div>\n\t\t\t\t\t\t<div class='uagb-post__text'> \n\t\t\t\t<div class=\"uagb-post__cta wp-block-button\">\n\t\t\t\t\t<a class=\"wp-block-button__link uagb-text-link\" href=\"https:\/\/marieaavakivi.com\/?p=2449\" target=\"_self\" rel=\"bookmark noopener noreferrer\">\u27a4<\/a>\n\t\t\t\t<\/div>\n\t\t\t<\/div>\n\t\t\t\t\t\t\t\t<\/div>\n\t\t\t\t\t\t\t\t\t<\/article>\n\t\t\t\t\t\t\t\t<article >\n\t\t\t\t\t\t\t\t\t\t<div class=\"uagb-post__inner-wrap\">\n\t\t\t\t\t\t\t\t\t\t\t\t\t\t\t<div class='uagb-post__text'> \n\t\t\t\t<h3 class=\"uagb-post__title\">\n\t\t\t\t\t<a href=\"https:\/\/marieaavakivi.com\/?p=2375\" target=\"_self\" rel=\"bookmark noopener noreferrer\">Lossimuusika kontserdist ajalehes Postimees<\/a>\n\t\t\t\t<\/h3>\n\t\t\t<\/div>\n\t\t\t\t\t\t<div class='uagb-post__text'> \n\t\t\t<div class=\"uagb-post-grid-byline\">\n\t\t\t\t\t\t\t\t<time datetime=\"2022-04-21T16:01:00+03:00\" class=\"uagb-post__date\">\n\t\t\t\t\t<span class=\"dashicons-calendar dashicons\"><\/span>\n\t\t\t\t\t21. apr. 2022\t\t\t\t<\/time>\n\t\t\t\t\t\t<\/div>\n\t\t\t<\/div>\n\t\t\t\t\t\t\t<div class='uagb-post__text'> \n\t\t\t\t\t<div class=\"uagb-post__excerpt\">\n\t\t\t\t\t\tAprill, 2022\n\n\n\nLossimuusika kontserdisari p\u00fchendab muusika\u00f5htu Ukrainale. P\u00fchap\u00e4eval, 24.04.2022 kell 18 esinevad Kadrioru kunstimuuseumis ukraina viiuldaja Olga \u0160ele\u0161kova\u00a0ja koos temaga eesti muusikud Marie-Helen Aavakivi, Toomas Nestor \u2026\t\t\t\t\t<\/div>\n\t\t\t<\/div>\n\t\t\t\t\t\t<div class='uagb-post__text'> \n\t\t\t\t<div class=\"uagb-post__cta wp-block-button\">\n\t\t\t\t\t<a class=\"wp-block-button__link uagb-text-link\" href=\"https:\/\/marieaavakivi.com\/?p=2375\" target=\"_self\" rel=\"bookmark noopener noreferrer\">\u27a4<\/a>\n\t\t\t\t<\/div>\n\t\t\t<\/div>\n\t\t\t\t\t\t\t\t<\/div>\n\t\t\t\t\t\t\t\t\t<\/article>\n\t\t\t\t\t\t\t\t<article >\n\t\t\t\t\t\t\t\t\t\t<div class=\"uagb-post__inner-wrap\">\n\t\t\t\t\t\t\t\t\t\t\t\t\t\t\t<div class='uagb-post__text'> \n\t\t\t\t<h3 class=\"uagb-post__title\">\n\t\t\t\t\t<a href=\"https:\/\/marieaavakivi.com\/?p=2326\" target=\"_self\" rel=\"bookmark noopener noreferrer\">Minu artikkel ajakirjas Teater.Muusika.Kino Peteris Vasksi uuest CD-st:<\/a>\n\t\t\t\t<\/h3>\n\t\t\t<\/div>\n\t\t\t\t\t\t<div class='uagb-post__text'> \n\t\t\t<div class=\"uagb-post-grid-byline\">\n\t\t\t\t\t\t\t\t<time datetime=\"2022-03-16T19:01:00+02:00\" class=\"uagb-post__date\">\n\t\t\t\t\t<span class=\"dashicons-calendar dashicons\"><\/span>\n\t\t\t\t\t16. m\u00e4rts 2022\t\t\t\t<\/time>\n\t\t\t\t\t\t<\/div>\n\t\t\t<\/div>\n\t\t\t\t\t\t\t<div class='uagb-post__text'> \n\t\t\t\t\t<div class=\"uagb-post__excerpt\">\n\t\t\t\t\t\tPETERIS VASKSI MUUSIKAMAAILMA S\u00dcGAVUSED UUEL HELIPLAADIL\n\n\n\nM\u00e4rts, 2022\n\n\n\nMARIE-HELEN AAVAKIVI\n\n\n\nCD album \u201eP\u0113teris Vasks \u2014 Cello and Viola Concerts\u201d. P\u0113teris Vasks&nbsp;(snd 1946).&nbsp;Marko Yl\u00f6nen&nbsp;(t\u0161ello),&nbsp;Lilli Maijala&nbsp;(vioola),&nbsp;Tallinna Kammerorkester,&nbsp;Juha Kangas&nbsp;(dirigent),&nbsp;Alba Records&nbsp;2021.&nbsp;Kontsert nr \u2026\t\t\t\t\t<\/div>\n\t\t\t<\/div>\n\t\t\t\t\t\t<div class='uagb-post__text'> \n\t\t\t\t<div class=\"uagb-post__cta wp-block-button\">\n\t\t\t\t\t<a class=\"wp-block-button__link uagb-text-link\" href=\"https:\/\/marieaavakivi.com\/?p=2326\" target=\"_self\" rel=\"bookmark noopener noreferrer\">\u27a4<\/a>\n\t\t\t\t<\/div>\n\t\t\t<\/div>\n\t\t\t\t\t\t\t\t<\/div>\n\t\t\t\t\t\t\t\t\t<\/article>\n\t\t\t\t\t\t\t\t<article >\n\t\t\t\t\t\t\t\t\t\t<div class=\"uagb-post__inner-wrap\">\n\t\t\t\t\t\t\t\t\t\t\t\t\t\t\t<div class='uagb-post__text'> \n\t\t\t\t<h3 class=\"uagb-post__title\">\n\t\t\t\t\t<a href=\"https:\/\/marieaavakivi.com\/?p=2338\" target=\"_self\" rel=\"bookmark noopener noreferrer\">Minu intervjuu fotokunstnik Kaupo Kikkasega ajakirjas Teater.Muusika.Kino<\/a>\n\t\t\t\t<\/h3>\n\t\t\t<\/div>\n\t\t\t\t\t\t<div class='uagb-post__text'> \n\t\t\t<div class=\"uagb-post-grid-byline\">\n\t\t\t\t\t\t\t\t<time datetime=\"2021-11-15T19:13:00+02:00\" class=\"uagb-post__date\">\n\t\t\t\t\t<span class=\"dashicons-calendar dashicons\"><\/span>\n\t\t\t\t\t15. nov. 2021\t\t\t\t<\/time>\n\t\t\t\t\t\t<\/div>\n\t\t\t<\/div>\n\t\t\t\t\t\t\t<div class='uagb-post__text'> \n\t\t\t\t\t<div class=\"uagb-post__excerpt\">\n\t\t\t\t\t\tPERSONA GRATA KAUPO KIKKAS\n\n\n\nNovember, 2021\n\n\n\nKohtume Kaupoga intervjuu tarvis Tallinna kesklinnas Lauteri t\u00e4naval asuvas Eestifoto Stuudios. \u00d5ues on parasjagu kergelt p\u00e4ikeseline s\u00fcgisilm ja peatselt saabuvale t\u00f6\u00f6p\u00e4eva \u2026\t\t\t\t\t<\/div>\n\t\t\t<\/div>\n\t\t\t\t\t\t<div class='uagb-post__text'> \n\t\t\t\t<div class=\"uagb-post__cta wp-block-button\">\n\t\t\t\t\t<a class=\"wp-block-button__link uagb-text-link\" href=\"https:\/\/marieaavakivi.com\/?p=2338\" target=\"_self\" rel=\"bookmark noopener noreferrer\">\u27a4<\/a>\n\t\t\t\t<\/div>\n\t\t\t<\/div>\n\t\t\t\t\t\t\t\t<\/div>\n\t\t\t\t\t\t\t\t\t<\/article>\n\t\t\t\t\t\t\t\t<article >\n\t\t\t\t\t\t\t\t\t\t<div class=\"uagb-post__inner-wrap\">\n\t\t\t\t\t\t\t\t\t\t\t\t\t\t\t<div class='uagb-post__text'> \n\t\t\t\t<h3 class=\"uagb-post__title\">\n\t\t\t\t\t<a href=\"https:\/\/marieaavakivi.com\/?p=1587\" target=\"_self\" rel=\"bookmark noopener noreferrer\">Kontserdiarvustus ajalehes Hiiu Leht<\/a>\n\t\t\t\t<\/h3>\n\t\t\t<\/div>\n\t\t\t\t\t\t<div class='uagb-post__text'> \n\t\t\t<div class=\"uagb-post-grid-byline\">\n\t\t\t\t\t\t\t\t<time datetime=\"2021-07-18T14:32:41+03:00\" class=\"uagb-post__date\">\n\t\t\t\t\t<span class=\"dashicons-calendar dashicons\"><\/span>\n\t\t\t\t\t18. juuli 2021\t\t\t\t<\/time>\n\t\t\t\t\t\t<\/div>\n\t\t\t<\/div>\n\t\t\t\t\t\t\t<div class='uagb-post__text'> \n\t\t\t\t\t<div class=\"uagb-post__excerpt\">\n\t\t\t\t\t\tKontserdiaasta algas\n\n\n\n26.jaanuar 2021Malle M\u00fcrgim\u00e4e, kontserdik\u00fclastaja\n\n\n\nHiiumaa muusikaelu uus aasta algas keskn\u00e4dalase kontserdiga K\u00e4rdla Muusika\u00adkoolis. Esinejaid oli kaks \u2013 viiuldaja Marie-Helen Aavakivi ja pianist Ralf Taal saatja \u2026\t\t\t\t\t<\/div>\n\t\t\t<\/div>\n\t\t\t\t\t\t<div class='uagb-post__text'> \n\t\t\t\t<div class=\"uagb-post__cta wp-block-button\">\n\t\t\t\t\t<a class=\"wp-block-button__link uagb-text-link\" href=\"https:\/\/marieaavakivi.com\/?p=1587\" target=\"_self\" rel=\"bookmark noopener noreferrer\">\u27a4<\/a>\n\t\t\t\t<\/div>\n\t\t\t<\/div>\n\t\t\t\t\t\t\t\t<\/div>\n\t\t\t\t\t\t\t\t\t<\/article>\n\t\t\t\t\t\t\t\t<\/div>\n\t\t\t\t\t\t\t\t\t<div class=\"uagb-post-pagination-wrap\">\n\t\t\t\t\t\t<span aria-current=\"page\" class=\"page-numbers current\">1<\/span>\n<a class=\"page-numbers\" href=\"https:\/\/marieaavakivi.com\/index.php?rest_route=%2Fwp%2Fv2%2Fpages%2F135&#038;paged=2\">2<\/a>\n<a class=\"next page-numbers\" href=\"https:\/\/marieaavakivi.com\/index.php?rest_route=%2Fwp%2Fv2%2Fpages%2F135&#038;paged=2\">Vanemad \u00bb<\/a>\t\t\t\t\t<\/div>\n\t\t\t\t\t\t\t\t<\/div>\n\t\t\t","protected":false},"excerpt":{"rendered":"","protected":false},"author":1,"featured_media":0,"parent":0,"menu_order":0,"comment_status":"closed","ping_status":"closed","template":"","meta":{"om_disable_all_campaigns":false,"_mi_skip_tracking":false,"_monsterinsights_sitenote_active":false,"_monsterinsights_sitenote_note":"","_monsterinsights_sitenote_category":0,"footnotes":""},"class_list":["post-135","page","type-page","status-publish","hentry"],"aioseo_notices":[],"uagb_featured_image_src":{"full":false,"thumbnail":false,"medium":false,"medium_large":false,"large":false,"1536x1536":false,"2048x2048":false},"uagb_author_info":{"display_name":"admin","author_link":"https:\/\/marieaavakivi.com\/?author=1"},"uagb_comment_info":0,"uagb_excerpt":null,"_links":{"self":[{"href":"https:\/\/marieaavakivi.com\/index.php?rest_route=\/wp\/v2\/pages\/135","targetHints":{"allow":["GET"]}}],"collection":[{"href":"https:\/\/marieaavakivi.com\/index.php?rest_route=\/wp\/v2\/pages"}],"about":[{"href":"https:\/\/marieaavakivi.com\/index.php?rest_route=\/wp\/v2\/types\/page"}],"author":[{"embeddable":true,"href":"https:\/\/marieaavakivi.com\/index.php?rest_route=\/wp\/v2\/users\/1"}],"replies":[{"embeddable":true,"href":"https:\/\/marieaavakivi.com\/index.php?rest_route=%2Fwp%2Fv2%2Fcomments&post=135"}],"version-history":[{"count":40,"href":"https:\/\/marieaavakivi.com\/index.php?rest_route=\/wp\/v2\/pages\/135\/revisions"}],"predecessor-version":[{"id":2325,"href":"https:\/\/marieaavakivi.com\/index.php?rest_route=\/wp\/v2\/pages\/135\/revisions\/2325"}],"wp:attachment":[{"href":"https:\/\/marieaavakivi.com\/index.php?rest_route=%2Fwp%2Fv2%2Fmedia&parent=135"}],"curies":[{"name":"wp","href":"https:\/\/api.w.org\/{rel}","templated":true}]}}